{"id":298,"date":"2026-02-09T14:46:05","date_gmt":"2026-02-09T14:46:05","guid":{"rendered":"https:\/\/lagazettedelutece.com\/?page_id=298"},"modified":"2026-02-23T12:56:16","modified_gmt":"2026-02-23T12:56:16","slug":"reserver-vos-places","status":"publish","type":"page","link":"https:\/\/lagazettedelutece.com\/index.php\/reserver-vos-places\/","title":{"rendered":"R\u00c9SERVATION"},"content":{"rendered":"\n<div style=\"height:14px\" aria-hidden=\"true\" class=\"wp-block-spacer\"><\/div>\n\n\n\n<h1 class=\"wp-block-heading alignfull has-text-align-center has-text-color has-link-color wp-elements-f66d042ec0106b5c6a44612ebb3674aa\" style=\"color:#890030\">R\u00e9server ici :<\/h1>\n\n\n\n<p class=\"has-text-align-center\" style=\"font-style:normal;font-weight:400\">Les r\u00e9servations et paiements s\u2019effectuent uniquement en ligne sur notre site internet.<\/p>\n\n\n\n<div class=\"forescape-catalog\" data-widget-id=\"545bce51-16c3-46f6-a183-8bbb76c537d6\" data-settings=\"b64.eyJkb21haW4iOiJsYWdhemV0dGVkZWx1dGVjZS40ZXNjYXBlLmlvIn0=\"><\/div>\n<div class=\"forescape-cart\" data-settings=\"b64.eyJkb21haW4iOiJsYWdhemV0dGVkZWx1dGVjZS40ZXNjYXBlLmlvIn0=\"><\/div>\n\n\n\n<h2 class=\"wp-block-heading has-text-align-center\">Comment va se d\u00e9rouler votre exp\u00e9rience ?<\/h2>\n\n\n\n<h3 class=\"wp-block-heading has-text-color has-background has-link-color wp-elements-7d78bd3199875ef2723cb3eb54e50f7d\" style=\"color:#8f0030;background-color:#8f00300d;font-size:34px\"><strong>Arriv\u00e9e : <\/strong><\/h3>\n\n\n\n<p>Votre point de rendez-vous vous sera pr\u00e9cis\u00e9 dans le mail de r\u00e9servation et rappel\u00e9 par email, la veille de votre partie. L\u00e0, vous rencontrerez un com\u00e9dien qui vous plongera dans l\u2019immersion et vous expliquera la mission \u00e0 r\u00e9aliser.<\/p>\n\n\n\n<p>Durant votre mission, vous d\u00e9ambulerez dans les rues du 3<sup>e<\/sup> arrondissement en toute autonomie. Vous avancerez \u00e9tapes par \u00e9tapes pour r\u00e9soudre la mission. Pensez \u00e0 collaborer et communiquer entre vous pour \u00e9lucider nos \u00e9nigmes. Laissez-vous porter par l\u2019histoire. Soyez tr\u00e8s observateurs, les petits d\u00e9tails comptent et d\u2019\u00e9tranges individus pourraient bien se trouver sur votre chemin\u2026<\/p>\n\n\n\n<h3 class=\"wp-block-heading has-text-color has-background has-link-color wp-elements-d31ede1a7ccbc57b65415aa282fd49fc\" style=\"color:#8f0030;background-color:#8f00300d;font-size:34px\"><strong>Peur d\u2019\u00eatre perdu ?<\/strong><\/h3>\n\n\n\n<p>Pas de panique, vous serez en contact permanent avec votre ma\u00eetre du jeu qui pourra vous communiquer des indices lorsque vous vous trouverez dans une impasse et que vous pourrez questionner en cas de doute.<\/p>\n\n\n\n<h3 class=\"wp-block-heading has-text-color has-background has-link-color wp-elements-92800ce118f569792dace91aa83b75d0\" style=\"color:#8f0030;background-color:#8f00300d;font-size:34px\"><strong>\u00c0 la fin de votre mission<\/strong><\/h3>\n\n\n\n<p>Au bout d\u2019une heure et demie, vous retrouverez votre ma\u00eetre du jeu, \u00e0 quelques pas du lieu de d\u00e9but du jeu, pour un petit d\u00e9brief. Vous pourrez lui poser toutes les questions que vous voulez et lui partager votre ressenti sur l\u2019exp\u00e9rience. Il vous proposera de repartir avec une photo souvenir qui immortaliser pour toujours cette exp\u00e9rience unique que vous viendrez de r\u00e9aliser !<\/p>\n\n\n\n<div class=\"wp-block-group alignfull has-background\" style=\"background-color:#8f00300d\"><div class=\"wp-block-group__inner-container is-layout-constrained wp-block-group-is-layout-constrained\">\n<h2 class=\"wp-block-heading has-text-align-center MarginTop10 MarginBottomNone has-text-color has-link-color wp-elements-be7b74ffd88163e6fa6079ae981bbd22\" style=\"color:#8f0030;font-size:54px;text-decoration:underline\"><strong>NOS TARIFS<\/strong><\/h2>\n\n\n\n<div class=\"wp-block-group alignfull\"><div class=\"wp-block-group__inner-container is-layout-constrained wp-block-group-is-layout-constrained\">\n<div class=\"wp-block-columns alignfull are-vertically-aligned-center is-layout-flex wp-container-core-columns-is-layout-9d6595d7 wp-block-columns-is-layout-flex\">\n<div class=\"wp-block-column is-vertically-aligned-center is-layout-flow wp-block-column-is-layout-flow\">\n<div class=\"wp-block-group is-vertical is-content-justification-center is-layout-flex wp-container-core-group-is-layout-4b2eccd6 wp-block-group-is-layout-flex\">\n<p class=\"has-text-align-center has-text-color has-link-color has-larger-font-size wp-elements-ed48caa62c5395f07c6520fea24e71fa\" style=\"color:#8f0030\"><strong>2 joueurs<\/strong><\/p>\n\n\n\n<p class=\"has-text-align-center has-large-font-size\">50\u20ac par personne<\/p>\n\n\n\n<p class=\"has-large-font-size\">Total 100\u20ac<\/p>\n<\/div>\n<\/div>\n\n\n\n<div class=\"wp-block-column is-vertically-aligned-center is-layout-flow wp-block-column-is-layout-flow\">\n<div class=\"wp-block-group is-vertical is-content-justification-center is-layout-flex wp-container-core-group-is-layout-4b2eccd6 wp-block-group-is-layout-flex\">\n<p class=\"has-text-align-center has-text-color has-link-color has-larger-font-size wp-elements-642506873f7caed0730b402c332e858b\" style=\"color:#8f0030\"><strong>3 Joueurs<\/strong><\/p>\n\n\n\n<p class=\"has-text-align-center has-large-font-size\">35\u20ac par personne<\/p>\n\n\n\n<p class=\"has-large-font-size\">Total 105\u20ac<\/p>\n<\/div>\n<\/div>\n\n\n\n<div class=\"wp-block-column is-vertically-aligned-center is-layout-flow wp-block-column-is-layout-flow\">\n<div class=\"wp-block-group is-vertical is-content-justification-center is-layout-flex wp-container-core-group-is-layout-4b2eccd6 wp-block-group-is-layout-flex\">\n<p class=\"has-text-align-center has-text-color has-link-color has-larger-font-size wp-elements-206acea02bf7882ffd61f393857b9230\" style=\"color:#8f0030\"><strong>4 Joueurs<\/strong><\/p>\n\n\n\n<p class=\"has-text-align-center has-large-font-size\">30\u20ac par personne<\/p>\n\n\n\n<p class=\"has-large-font-size\">Total 120\u20ac<\/p>\n<\/div>\n<\/div>\n\n\n\n<div class=\"wp-block-column is-vertically-aligned-center is-layout-flow wp-block-column-is-layout-flow\">\n<div class=\"wp-block-group is-vertical is-content-justification-center is-layout-flex wp-container-core-group-is-layout-4b2eccd6 wp-block-group-is-layout-flex\">\n<p class=\"has-text-align-center has-text-color has-link-color has-larger-font-size wp-elements-c7fd303127a3df1c08f6b05842ab08e7\" style=\"color:#8f0030\"><strong>5 Joueurs<\/strong><\/p>\n\n\n\n<p class=\"has-text-align-center has-large-font-size\">27\u20ac par personne<\/p>\n\n\n\n<p class=\"has-large-font-size\">Total 135\u20ac<\/p>\n<\/div>\n<\/div>\n<\/div>\n<\/div><\/div>\n<\/div><\/div>\n","protected":false},"excerpt":{"rendered":"<p>R\u00e9server ici : Les r\u00e9servations et paiements s\u2019effectuent uniquement en ligne sur notre site internet. Comment va se d\u00e9rouler votre exp\u00e9rience ? Arriv\u00e9e : Votre point de rendez-vous vous sera pr\u00e9cis\u00e9 dans le mail de r\u00e9servation et rappel\u00e9 par email, la veille de votre partie. L\u00e0, vous rencontrerez un com\u00e9dien qui vous plongera dans l\u2019immersion [&hellip;]<\/p>\n","protected":false},"author":1,"featured_media":0,"parent":0,"menu_order":0,"comment_status":"closed","ping_status":"closed","template":"templates\/template-full-width.php","meta":{"footnotes":""},"class_list":["post-298","page","type-page","status-publish","hentry"],"_links":{"self":[{"href":"https:\/\/lagazettedelutece.com\/index.php\/wp-json\/wp\/v2\/pages\/298","targetHints":{"allow":["GET"]}}],"collection":[{"href":"https:\/\/lagazettedelutece.com\/index.php\/wp-json\/wp\/v2\/pages"}],"about":[{"href":"https:\/\/lagazettedelutece.com\/index.php\/wp-json\/wp\/v2\/types\/page"}],"author":[{"embeddable":true,"href":"https:\/\/lagazettedelutece.com\/index.php\/wp-json\/wp\/v2\/users\/1"}],"replies":[{"embeddable":true,"href":"https:\/\/lagazettedelutece.com\/index.php\/wp-json\/wp\/v2\/comments?post=298"}],"version-history":[{"count":33,"href":"https:\/\/lagazettedelutece.com\/index.php\/wp-json\/wp\/v2\/pages\/298\/revisions"}],"predecessor-version":[{"id":1069,"href":"https:\/\/lagazettedelutece.com\/index.php\/wp-json\/wp\/v2\/pages\/298\/revisions\/1069"}],"wp:attachment":[{"href":"https:\/\/lagazettedelutece.com\/index.php\/wp-json\/wp\/v2\/media?parent=298"}],"curies":[{"name":"wp","href":"https:\/\/api.w.org\/{rel}","templated":true}]}}