{"id":48,"date":"2026-02-08T22:08:42","date_gmt":"2026-02-08T22:08:42","guid":{"rendered":"https:\/\/lagazettedelutece.com\/?page_id=48"},"modified":"2026-04-04T12:27:56","modified_gmt":"2026-04-04T12:27:56","slug":"notre-jeu","status":"publish","type":"page","link":"https:\/\/lagazettedelutece.com\/index.php\/la-gazette-de-lutece\/notre-jeu\/","title":{"rendered":"Notre jeu"},"content":{"rendered":"\n<figure class=\"wp-block-image alignfull size-large\"><img loading=\"lazy\" decoding=\"async\" width=\"1024\" height=\"256\" src=\"https:\/\/lagazettedelutece.com\/wp-content\/uploads\/2026\/04\/WhatsApp-Image-2026-04-02-at-21.55.50-1-1024x256.jpeg\" alt=\"\" class=\"wp-image-1249\" srcset=\"https:\/\/lagazettedelutece.com\/wp-content\/uploads\/2026\/04\/WhatsApp-Image-2026-04-02-at-21.55.50-1-1024x256.jpeg 1024w, https:\/\/lagazettedelutece.com\/wp-content\/uploads\/2026\/04\/WhatsApp-Image-2026-04-02-at-21.55.50-1-300x75.jpeg 300w, https:\/\/lagazettedelutece.com\/wp-content\/uploads\/2026\/04\/WhatsApp-Image-2026-04-02-at-21.55.50-1-768x192.jpeg 768w, https:\/\/lagazettedelutece.com\/wp-content\/uploads\/2026\/04\/WhatsApp-Image-2026-04-02-at-21.55.50-1-1200x300.jpeg 1200w, https:\/\/lagazettedelutece.com\/wp-content\/uploads\/2026\/04\/WhatsApp-Image-2026-04-02-at-21.55.50-1.jpeg 1280w\" sizes=\"auto, (max-width: 1024px) 100vw, 1024px\" \/><\/figure>\n\n\n\n<h1 class=\"wp-block-heading alignfull has-text-align-center has-text-color has-link-color wp-elements-2802985864bee7ea0eeb7a6ae7aeb4c4\" style=\"color:#8f0030;font-size:61px\"><strong>Notre jeu immersif<\/strong><\/h1>\n\n\n\n<h2 class=\"wp-block-heading alignfull has-text-align-center has-text-color has-background has-link-color wp-elements-5bccf5c707e8522e83e7dec0a6f02269\" style=\"color:#8f0030;background-color:#8f00300d;font-size:40px\"><strong>L\u2019Ombre du Temple<\/strong><\/h2>\n\n\n\n<div class=\"wp-block-media-text is-stacked-on-mobile is-image-fill-element\" style=\"grid-template-columns:51% auto\"><figure class=\"wp-block-media-text__media\"><img loading=\"lazy\" decoding=\"async\" width=\"1024\" height=\"768\" src=\"http:\/\/lagazettedelutece.com\/wp-content\/uploads\/2026\/02\/NVMR5346-1024x768.jpg\" alt=\"La Gazette de Lut\u00e8ce - journal ind\u00e9pendant - enqu\u00eates sur les myst\u00e8res de Paris\" class=\"wp-image-772 size-full\" style=\"object-position:50% 50%\" srcset=\"https:\/\/lagazettedelutece.com\/wp-content\/uploads\/2026\/02\/NVMR5346-1024x768.jpg 1024w, https:\/\/lagazettedelutece.com\/wp-content\/uploads\/2026\/02\/NVMR5346-300x225.jpg 300w, https:\/\/lagazettedelutece.com\/wp-content\/uploads\/2026\/02\/NVMR5346-768x576.jpg 768w, https:\/\/lagazettedelutece.com\/wp-content\/uploads\/2026\/02\/NVMR5346-1536x1152.jpg 1536w, https:\/\/lagazettedelutece.com\/wp-content\/uploads\/2026\/02\/NVMR5346-2048x1536.jpg 2048w, https:\/\/lagazettedelutece.com\/wp-content\/uploads\/2026\/02\/NVMR5346-1200x900.jpg 1200w, https:\/\/lagazettedelutece.com\/wp-content\/uploads\/2026\/02\/NVMR5346-1980x1485.jpg 1980w\" sizes=\"auto, (max-width: 1024px) 100vw, 1024px\" \/><\/figure><div class=\"wp-block-media-text__content\">\n<p class=\"has-normal-font-size\"><em>La Gazette de Lut\u00e8ce, <\/em>un journal ind\u00e9pendant, enqu\u00eate sur des agissements inqui\u00e9tants : endoctrinements, extorsions, disparitions de journalistes\u2026 Tous les indices m\u00e8nent \u00e0 un groupe de N\u00e9o-Templiers qui pr\u00e9tendent \u00eatre les h\u00e9ritiers des c\u00e9l\u00e8bres moines-chevaliers du Moyen \u00c2ge.<\/p>\n\n\n\n<p>Leur terrain d\u2019op\u00e9ration ? Le quartier du Temple.<br>Chaque rue, chaque fa\u00e7ade, chaque d\u00e9tail du d\u00e9cor devient une pi\u00e8ce du puzzle. <em>La Gazette de Lut\u00e8ce<\/em> a retrac\u00e9 les activit\u00e9s du groupe, mais a besoin d\u2019enqu\u00eateurs aguerris pour aller plus loin. C\u2019est l\u00e0 que vous entrez en jeu.<\/p>\n<\/div><\/div>\n\n\n\n<p>Ce qui commence comme une mission d\u2019observation bascule rapidement. Les pistes se croisent, les certitudes s\u2019effondrent et l\u2019enqu\u00eate prend une tournure aussi inattendue que dangereuse.<br>Restez sur vos gardes : certains personnages croiseront votre route\u2026 et dans les rues de Paris, tout le monde n\u2019est peut-\u00eatre pas un simple passant.<\/p>\n\n\n\n<p>L\u2019Ombre du Temple est une exp\u00e9rience immersive unique, m\u00ealant jeu de piste, narration et interactions. Pour la premi\u00e8re fois, l\u2019immersion sort des murs et investit la ville elle-m\u00eame.<br>Paris devient votre d\u00e9cor, vivant, impr\u00e9visible, troublant de r\u00e9alisme.<\/p>\n\n\n\n<p>Une histoire immersive au c\u0153ur de la capitale, \u00e0 vivre comme un film\u2026 dont vous \u00eates les h\u00e9ros.<\/p>\n\n\n\n<div class=\"wp-block-buttons is-layout-flex wp-block-buttons-is-layout-flex\">\n<div class=\"wp-block-button has-custom-width wp-block-button__width-100\"><a class=\"wp-block-button__link has-background wp-element-button\" href=\"https:\/\/lagazettedelutece.com\/index.php\/reserver-vos-places\/#\/catalog\/545bce51-16c3-46f6-a183-8bbb76c537d6\" style=\"border-top-left-radius:6px;border-top-right-radius:6px;border-bottom-left-radius:6px;border-bottom-right-radius:6px;background-color:#8f0030\">r\u00c9SERVER <\/a><\/div>\n<\/div>\n\n\n\n<div class=\"wp-block-group alignfull has-background\" style=\"background-color:#8f00300d\"><div class=\"wp-block-group__inner-container is-layout-constrained wp-block-group-is-layout-constrained\">\n<h2 class=\"wp-block-heading has-text-align-center has-text-color has-link-color wp-elements-6d7c0749f356449d53bdbbd78286fd33\" style=\"color:#8f0030\"><strong>Informations pratiques<\/strong><\/h2>\n\n\n\n<div style=\"height:1px;width:85%;background-color: #8f0030;\"><\/div>\n\n\n\n<div style=\"height:41px\" aria-hidden=\"true\" class=\"wp-block-spacer\"><\/div>\n\n\n\n<p>Dur\u00e9e : 1h30<\/p>\n\n\n\n<div style=\"height:37px\" aria-hidden=\"true\" class=\"wp-block-spacer\"><\/div>\n\n\n\n<p>\u00c9quipe : de 2 \u00e0 5 joueurs<\/p>\n\n\n\n<div style=\"height:37px\" aria-hidden=\"true\" class=\"wp-block-spacer\"><\/div>\n\n\n\n<p>Point de d\u00e9part : Square du Temple<\/p>\n\n\n\n<div style=\"height:37px\" aria-hidden=\"true\" class=\"wp-block-spacer\"><\/div>\n\n\n\n<p>Arriv\u00e9e : proche du Square du Temple<\/p>\n\n\n\n<div style=\"height:37px\" aria-hidden=\"true\" class=\"wp-block-spacer\"><\/div>\n\n\n\n<p>Distance parcourue pendant le jeu : 2km<\/p>\n\n\n\n<div style=\"height:73px\" aria-hidden=\"true\" class=\"wp-block-spacer\"><\/div>\n\n\n\n<p><strong>L\u2019Ombre du Temple<\/strong> propose une exp\u00e9rience immersive unique en son genre, m\u00ealant narration, interactions humaines et exploration urbaine, pour une aventure plus vraie que nature.<\/p>\n\n\n\n<div class=\"wp-block-buttons is-layout-flex wp-block-buttons-is-layout-flex\">\n<div class=\"wp-block-button has-custom-width wp-block-button__width-100 is-style-fill\"><a class=\"wp-block-button__link has-background wp-element-button\" href=\"https:\/\/lagazettedelutece.com\/index.php\/reserver-vos-places\/#\/catalog\/545bce51-16c3-46f6-a183-8bbb76c537d6\" style=\"border-top-left-radius:6px;border-top-right-radius:6px;border-bottom-left-radius:6px;border-bottom-right-radius:6px;background-color:#8f0030\">r\u00e9server ici<\/a><\/div>\n<\/div>\n<\/div><\/div>\n","protected":false},"excerpt":{"rendered":"<p>Notre jeu immersif L\u2019Ombre du Temple La Gazette de Lut\u00e8ce, un journal ind\u00e9pendant, enqu\u00eate sur des agissements inqui\u00e9tants : endoctrinements, extorsions, disparitions de journalistes\u2026 Tous les indices m\u00e8nent \u00e0 un groupe de N\u00e9o-Templiers qui pr\u00e9tendent \u00eatre les h\u00e9ritiers des c\u00e9l\u00e8bres moines-chevaliers du Moyen \u00c2ge. Leur terrain d\u2019op\u00e9ration ? Le quartier du Temple.Chaque rue, chaque fa\u00e7ade, [&hellip;]<\/p>\n","protected":false},"author":1,"featured_media":0,"parent":28,"menu_order":1,"comment_status":"closed","ping_status":"closed","template":"templates\/template-full-width.php","meta":{"footnotes":""},"class_list":["post-48","page","type-page","status-publish","hentry"],"_links":{"self":[{"href":"https:\/\/lagazettedelutece.com\/index.php\/wp-json\/wp\/v2\/pages\/48","targetHints":{"allow":["GET"]}}],"collection":[{"href":"https:\/\/lagazettedelutece.com\/index.php\/wp-json\/wp\/v2\/pages"}],"about":[{"href":"https:\/\/lagazettedelutece.com\/index.php\/wp-json\/wp\/v2\/types\/page"}],"author":[{"embeddable":true,"href":"https:\/\/lagazettedelutece.com\/index.php\/wp-json\/wp\/v2\/users\/1"}],"replies":[{"embeddable":true,"href":"https:\/\/lagazettedelutece.com\/index.php\/wp-json\/wp\/v2\/comments?post=48"}],"version-history":[{"count":78,"href":"https:\/\/lagazettedelutece.com\/index.php\/wp-json\/wp\/v2\/pages\/48\/revisions"}],"predecessor-version":[{"id":1250,"href":"https:\/\/lagazettedelutece.com\/index.php\/wp-json\/wp\/v2\/pages\/48\/revisions\/1250"}],"up":[{"embeddable":true,"href":"https:\/\/lagazettedelutece.com\/index.php\/wp-json\/wp\/v2\/pages\/28"}],"wp:attachment":[{"href":"https:\/\/lagazettedelutece.com\/index.php\/wp-json\/wp\/v2\/media?parent=48"}],"curies":[{"name":"wp","href":"https:\/\/api.w.org\/{rel}","templated":true}]}}