{"id":55,"date":"2026-02-08T22:11:38","date_gmt":"2026-02-08T22:11:38","guid":{"rendered":"https:\/\/lagazettedelutece.com\/?page_id=55"},"modified":"2026-03-08T17:10:52","modified_gmt":"2026-03-08T17:10:52","slug":"bon-cadeau","status":"publish","type":"page","link":"https:\/\/lagazettedelutece.com\/index.php\/la-gazette-de-lutece\/bon-cadeau\/","title":{"rendered":"Bons cadeaux"},"content":{"rendered":"\n<div style=\"height:14px\" aria-hidden=\"true\" class=\"wp-block-spacer\"><\/div>\n\n\n\n<h1 class=\"wp-block-heading alignfull has-text-align-center has-text-color has-link-color wp-elements-6be81071eb9546f266d9067f6ce28ba6\" style=\"color:#8f0030;font-size:54px\"><strong>Bons cadeaux<\/strong><\/h1>\n\n\n\n<div class=\"wp-block-media-text is-stacked-on-mobile is-image-fill-element\"><figure class=\"wp-block-media-text__media\"><img loading=\"lazy\" decoding=\"async\" width=\"768\" height=\"1024\" src=\"http:\/\/lagazettedelutece.com\/wp-content\/uploads\/2026\/02\/QMFS8582-768x1024.jpg\" alt=\"La Gazette de Lut\u00e8ce enqu\u00eatant sur les n\u00e9o-templiers et autres myst\u00e8res dans les rues de Paris \" class=\"wp-image-684 size-full\" style=\"object-position:50% 50%\" srcset=\"https:\/\/lagazettedelutece.com\/wp-content\/uploads\/2026\/02\/QMFS8582-768x1024.jpg 768w, https:\/\/lagazettedelutece.com\/wp-content\/uploads\/2026\/02\/QMFS8582-225x300.jpg 225w, https:\/\/lagazettedelutece.com\/wp-content\/uploads\/2026\/02\/QMFS8582-1152x1536.jpg 1152w, https:\/\/lagazettedelutece.com\/wp-content\/uploads\/2026\/02\/QMFS8582-1536x2048.jpg 1536w, https:\/\/lagazettedelutece.com\/wp-content\/uploads\/2026\/02\/QMFS8582-1200x1600.jpg 1200w, https:\/\/lagazettedelutece.com\/wp-content\/uploads\/2026\/02\/QMFS8582-1980x2640.jpg 1980w, https:\/\/lagazettedelutece.com\/wp-content\/uploads\/2026\/02\/QMFS8582-scaled.jpg 1920w\" sizes=\"auto, (max-width: 768px) 100vw, 768px\" \/><\/figure><div class=\"wp-block-media-text__content\">\n<h2 class=\"wp-block-heading has-text-color has-link-color has-larger-font-size wp-elements-1ecc14e933a8cc2a83cb46c293a0ffff\" style=\"color:#8f0030\"><strong><strong>Assez des cadeaux conventionnels ?<\/strong><\/strong><\/h2>\n\n\n\n<p class=\"has-normal-font-size\">Besoin d\u2019une id\u00e9e originale qui marque les esprits ?<br>Le bon cadeau L\u2019Ombre du Temple est <strong>LE<\/strong> cadeau \u00e0 offrir \u00e0 vos proches : une aventure immersive au c\u0153ur de Paris, loin du quotidien et des \u00e9crans.<\/p>\n\n\n\n<p>Un cadeau parfait pour les amis, la famille ou les amateurs d\u2019exp\u00e9riences insolites !<\/p>\n\n\n\n<p>Offrir un bon cadeau, c\u2019est offrir 1h30 d\u2019aventure en ext\u00e9rieur, dans les rues du 3\u1d49 arrondissement. <\/p>\n\n\n\n<p>Une enqu\u00eate palpitante, \u00e0 partager entre amis ou en famille, pour d\u00e9couvrir Paris autrement et vivre un moment hors du temps. Une fa\u00e7on originale de partager un moment intense et de cr\u00e9er des souvenirs m\u00e9morables !<\/p>\n<\/div><\/div>\n\n\n\n<div class=\"wp-block-columns is-layout-flex wp-container-core-columns-is-layout-9d6595d7 wp-block-columns-is-layout-flex\">\n<div class=\"wp-block-column is-layout-flow wp-block-column-is-layout-flow\">\n<h2 class=\"wp-block-heading has-text-color has-link-color wp-elements-9e402697e0eda7be48d94272ba6ce52d\" style=\"color:#8f0030;font-size:34px\"><strong>Plusieurs formules au choix<\/strong><\/h2>\n\n\n\n<ul class=\"wp-block-list\">\n<li>50\u20ac : l&rsquo;\u00e9quivalent d&rsquo;une seule place ;<\/li>\n\n\n\n<li>100\u20ac : le prix total d&rsquo;une session pour 2 personnes ; <\/li>\n\n\n\n<li>105\u20ac : le prix total d&rsquo;une session pour 3 personnes ;<\/li>\n\n\n\n<li>120\u20ac : le prix total d&rsquo;une session pour 4 personnes ;<\/li>\n\n\n\n<li>135\u20ac : le prix total d&rsquo;une session pour 5 personnes. <\/li>\n<\/ul>\n<\/div>\n\n\n\n<div class=\"wp-block-column is-layout-flow wp-block-column-is-layout-flow\">\n<h2 class=\"wp-block-heading has-text-color has-link-color wp-elements-5b5e2d1dbe129e97f4f2e6d0415b1bcc\" style=\"color:#8f0030;font-size:34px\"><strong>Comment \u00e7a marche ?<\/strong><\/h2>\n\n\n\n<p>Apr\u00e8s votre achat, vous recevez un email contenant un bon cadeau \u00e0 imprimer, avec un code de r\u00e9servation unique.<\/p>\n\n\n\n<p>Lors de la r\u00e9servation de la session L\u2019Ombre du Temple, il suffit d\u2019entrer ce code et de compl\u00e9ter le paiement par carte bancaire selon le nombre de joueurs.<\/p>\n<\/div>\n<\/div>\n\n\n\n<div style=\"height:1px;width:85%;background-color: #8f0030;\"><\/div>\n\n\n\n<div class=\"forescape-catalog\" data-widget-id=\"bd6d3664-5088-4d89-b683-cd5a88b6c83f\" data-settings=\"b64.eyJkb21haW4iOiJsYWdhemV0dGVkZWx1dGVjZS40ZXNjYXBlLmlvIn0=\"><\/div>\n<div class=\"forescape-cart\" data-settings=\"b64.eyJkb21haW4iOiJsYWdhemV0dGVkZWx1dGVjZS40ZXNjYXBlLmlvIn0=\"><\/div>\n\n\n\n<div class=\"wp-block-group alignfull has-background\" style=\"background-color:#8f00300d\"><div class=\"wp-block-group__inner-container is-layout-constrained wp-block-group-is-layout-constrained\">\n<h2 class=\"wp-block-heading alignfull has-text-align-left has-text-color has-link-color wp-elements-2d9eadce505f0fe756dec73e7cab2b3c\" style=\"color:#8f0030;font-size:34px\"><strong>Bon \u00e0 savoir<\/strong><\/h2>\n\n\n\n<p>Le bon cadeau est valable 1 an \u00e0 compter de la date d\u2019achat, uniquement pour le jeu L\u2019Ombre du Temple.<br>Le code est utilisable une seule fois, non remboursable et non \u00e9changeable.<\/p>\n<\/div><\/div>\n","protected":false},"excerpt":{"rendered":"<p>Bons cadeaux Assez des cadeaux conventionnels ? Besoin d\u2019une id\u00e9e originale qui marque les esprits ?Le bon cadeau L\u2019Ombre du Temple est LE cadeau \u00e0 offrir \u00e0 vos proches : une aventure immersive au c\u0153ur de Paris, loin du quotidien et des \u00e9crans. Un cadeau parfait pour les amis, la famille ou les amateurs d\u2019exp\u00e9riences [&hellip;]<\/p>\n","protected":false},"author":1,"featured_media":0,"parent":28,"menu_order":2,"comment_status":"closed","ping_status":"closed","template":"templates\/template-full-width.php","meta":{"footnotes":""},"class_list":["post-55","page","type-page","status-publish","hentry"],"_links":{"self":[{"href":"https:\/\/lagazettedelutece.com\/index.php\/wp-json\/wp\/v2\/pages\/55","targetHints":{"allow":["GET"]}}],"collection":[{"href":"https:\/\/lagazettedelutece.com\/index.php\/wp-json\/wp\/v2\/pages"}],"about":[{"href":"https:\/\/lagazettedelutece.com\/index.php\/wp-json\/wp\/v2\/types\/page"}],"author":[{"embeddable":true,"href":"https:\/\/lagazettedelutece.com\/index.php\/wp-json\/wp\/v2\/users\/1"}],"replies":[{"embeddable":true,"href":"https:\/\/lagazettedelutece.com\/index.php\/wp-json\/wp\/v2\/comments?post=55"}],"version-history":[{"count":45,"href":"https:\/\/lagazettedelutece.com\/index.php\/wp-json\/wp\/v2\/pages\/55\/revisions"}],"predecessor-version":[{"id":1189,"href":"https:\/\/lagazettedelutece.com\/index.php\/wp-json\/wp\/v2\/pages\/55\/revisions\/1189"}],"up":[{"embeddable":true,"href":"https:\/\/lagazettedelutece.com\/index.php\/wp-json\/wp\/v2\/pages\/28"}],"wp:attachment":[{"href":"https:\/\/lagazettedelutece.com\/index.php\/wp-json\/wp\/v2\/media?parent=55"}],"curies":[{"name":"wp","href":"https:\/\/api.w.org\/{rel}","templated":true}]}}