{"id":61,"date":"2026-02-08T22:12:44","date_gmt":"2026-02-08T22:12:44","guid":{"rendered":"https:\/\/lagazettedelutece.com\/?page_id=61"},"modified":"2026-02-23T12:24:15","modified_gmt":"2026-02-23T12:24:15","slug":"la-gazette","status":"publish","type":"page","link":"https:\/\/lagazettedelutece.com\/index.php\/la-gazette-de-lutece\/la-gazette\/","title":{"rendered":"La Gazette"},"content":{"rendered":"\n<div class=\"wp-block-columns is-layout-flex wp-container-core-columns-is-layout-9d6595d7 wp-block-columns-is-layout-flex\">\n<div class=\"wp-block-column is-layout-flow wp-block-column-is-layout-flow\" style=\"flex-basis:33%\">\n<h3 class=\"wp-block-heading has-text-align-center has-text-color has-link-color wp-elements-bec90c9f6d1b8149eda6bb1140c833f6\" style=\"color:#8f0030;font-size:27px\">Qui sommes-nous ?<\/h3>\n\n\n\n<figure class=\"wp-block-image size-large is-style-default\"><img loading=\"lazy\" decoding=\"async\" width=\"1024\" height=\"768\" src=\"https:\/\/lagazettedelutece.com\/wp-content\/uploads\/2026\/02\/KTIL3647-1024x768.jpg\" alt=\"Journal d'enqu\u00eate sur les myst\u00e8res de Paris\" class=\"wp-image-714\" srcset=\"https:\/\/lagazettedelutece.com\/wp-content\/uploads\/2026\/02\/KTIL3647-1024x768.jpg 1024w, https:\/\/lagazettedelutece.com\/wp-content\/uploads\/2026\/02\/KTIL3647-300x225.jpg 300w, https:\/\/lagazettedelutece.com\/wp-content\/uploads\/2026\/02\/KTIL3647-768x576.jpg 768w, https:\/\/lagazettedelutece.com\/wp-content\/uploads\/2026\/02\/KTIL3647-1536x1152.jpg 1536w, https:\/\/lagazettedelutece.com\/wp-content\/uploads\/2026\/02\/KTIL3647-2048x1536.jpg 2048w, https:\/\/lagazettedelutece.com\/wp-content\/uploads\/2026\/02\/KTIL3647-1200x900.jpg 1200w, https:\/\/lagazettedelutece.com\/wp-content\/uploads\/2026\/02\/KTIL3647-1980x1485.jpg 1980w\" sizes=\"auto, (max-width: 1024px) 100vw, 1024px\" \/><\/figure>\n\n\n\n<div style=\"height:34px\" aria-hidden=\"true\" class=\"wp-block-spacer\"><\/div>\n\n\n\n<p>La Gazette de Lut\u00e8ce est un journal ind\u00e9pendant qui \u00e9crit et publie des articles sur les myst\u00e8res de Paris&#8230;<\/p>\n\n\n\n<div class=\"wp-block-buttons is-layout-flex wp-block-buttons-is-layout-flex\">\n<div class=\"wp-block-button has-custom-width wp-block-button__width-100 is-style-fill\"><a class=\"wp-block-button__link has-background wp-element-button\" href=\"https:\/\/lagazettedelutece.com\/index.php\/la-gazette-de-lutece\/la-gazette\/qui-sommes-nous\/\" style=\"border-top-left-radius:6px;border-top-right-radius:6px;border-bottom-left-radius:6px;border-bottom-right-radius:6px;background-color:#8f0030\">Lire la suite<\/a><\/div>\n<\/div>\n<\/div>\n\n\n\n<div class=\"wp-block-column is-layout-flow wp-block-column-is-layout-flow\" style=\"flex-basis:33%\">\n<h3 class=\"wp-block-heading has-text-align-center has-text-color has-link-color wp-elements-024e0fef512ed8fa0c4ee1a8bacbfd06\" style=\"color:#8f0030;font-size:27px\"><strong>Actus<\/strong> de la Gazette<\/h3>\n\n\n\n<figure class=\"wp-block-image size-large\"><img loading=\"lazy\" decoding=\"async\" width=\"1024\" height=\"768\" src=\"http:\/\/lagazettedelutece.com\/wp-content\/uploads\/2026\/02\/J3-1024x768.jpg\" alt=\"La Gazette de Lut\u00e8ce - Le retour des Templiers - Enqu\u00eate sur les n\u00e9o-templiers parisiens\" class=\"wp-image-716\" srcset=\"https:\/\/lagazettedelutece.com\/wp-content\/uploads\/2026\/02\/J3-1024x768.jpg 1024w, https:\/\/lagazettedelutece.com\/wp-content\/uploads\/2026\/02\/J3-300x225.jpg 300w, https:\/\/lagazettedelutece.com\/wp-content\/uploads\/2026\/02\/J3-768x576.jpg 768w, https:\/\/lagazettedelutece.com\/wp-content\/uploads\/2026\/02\/J3-1536x1152.jpg 1536w, https:\/\/lagazettedelutece.com\/wp-content\/uploads\/2026\/02\/J3-2048x1536.jpg 2048w, https:\/\/lagazettedelutece.com\/wp-content\/uploads\/2026\/02\/J3-1200x900.jpg 1200w, https:\/\/lagazettedelutece.com\/wp-content\/uploads\/2026\/02\/J3-1980x1485.jpg 1980w\" sizes=\"auto, (max-width: 1024px) 100vw, 1024px\" \/><\/figure>\n\n\n\n<div style=\"height:34px\" aria-hidden=\"true\" class=\"wp-block-spacer\"><\/div>\n\n\n\n<p class=\"has-primary-color has-text-color has-link-color wp-elements-9f11d0217025f0202059e22a559a9bd1\">Notre page actu avec de nombreux articles&#8230;<\/p>\n\n\n\n<div style=\"height:31px\" aria-hidden=\"true\" class=\"wp-block-spacer\"><\/div>\n\n\n\n<div class=\"wp-block-buttons is-layout-flex wp-block-buttons-is-layout-flex\">\n<div class=\"wp-block-button has-custom-width wp-block-button__width-100\"><a class=\"wp-block-button__link has-background wp-element-button\" href=\"https:\/\/lagazettedelutece.com\/index.php\/la-gazette-de-lutece\/la-gazette\/actus\/\" style=\"border-top-left-radius:6px;border-top-right-radius:6px;border-bottom-left-radius:6px;border-bottom-right-radius:6px;background-color:#8f0030\">Voir les articles<\/a><\/div>\n<\/div>\n<\/div>\n\n\n\n<div class=\"wp-block-column is-layout-flow wp-block-column-is-layout-flow\" style=\"flex-basis:33%\">\n<h2 class=\"wp-block-heading has-text-align-center has-text-color has-link-color wp-elements-276e5830ef3e29613782ae048a35d49d\" style=\"color:#8f0030;font-size:27px\">La Gazette Gourmet<\/h2>\n\n\n\n<figure class=\"wp-block-image size-large\"><img loading=\"lazy\" decoding=\"async\" width=\"1024\" height=\"768\" src=\"http:\/\/lagazettedelutece.com\/wp-content\/uploads\/2026\/02\/NPIU5989-1024x768.jpg\" alt=\"Journal d'enqu\u00eate sur les myst\u00e8res de Paris \" class=\"wp-image-713\" srcset=\"https:\/\/lagazettedelutece.com\/wp-content\/uploads\/2026\/02\/NPIU5989-1024x768.jpg 1024w, https:\/\/lagazettedelutece.com\/wp-content\/uploads\/2026\/02\/NPIU5989-300x225.jpg 300w, https:\/\/lagazettedelutece.com\/wp-content\/uploads\/2026\/02\/NPIU5989-768x576.jpg 768w, https:\/\/lagazettedelutece.com\/wp-content\/uploads\/2026\/02\/NPIU5989-1536x1152.jpg 1536w, https:\/\/lagazettedelutece.com\/wp-content\/uploads\/2026\/02\/NPIU5989-2048x1536.jpg 2048w, https:\/\/lagazettedelutece.com\/wp-content\/uploads\/2026\/02\/NPIU5989-1200x900.jpg 1200w, https:\/\/lagazettedelutece.com\/wp-content\/uploads\/2026\/02\/NPIU5989-1980x1485.jpg 1980w\" sizes=\"auto, (max-width: 1024px) 100vw, 1024px\" \/><\/figure>\n\n\n\n<div style=\"height:34px\" aria-hidden=\"true\" class=\"wp-block-spacer\"><\/div>\n\n\n\n<p>O\u00f9 manger avant ou apr\u00e8s votre exp\u00e9rience immersive, \u00e7a ouvre l\u2019esprit\u2026 et l\u2019app\u00e9tit.<\/p>\n\n\n\n<div class=\"wp-block-buttons is-layout-flex wp-block-buttons-is-layout-flex\">\n<div class=\"wp-block-button has-custom-width wp-block-button__width-100\"><a class=\"wp-block-button__link has-background wp-element-button\" href=\"https:\/\/lagazettedelutece.com\/index.php\/la-gazette-de-lutece\/la-gazette\/la-gazette-gourmet\/\" style=\"border-top-left-radius:6px;border-top-right-radius:6px;border-bottom-left-radius:6px;border-bottom-right-radius:6px;background-color:#8f0030\">Lire la suite<\/a><\/div>\n<\/div>\n<\/div>\n<\/div>\n","protected":false},"excerpt":{"rendered":"<p>Qui sommes-nous ? La Gazette de Lut\u00e8ce est un journal ind\u00e9pendant qui \u00e9crit et publie des articles sur les myst\u00e8res de Paris&#8230; Actus de la Gazette Notre page actu avec de nombreux articles&#8230; La Gazette Gourmet O\u00f9 manger avant ou apr\u00e8s votre exp\u00e9rience immersive, \u00e7a ouvre l\u2019esprit\u2026 et l\u2019app\u00e9tit.<\/p>\n","protected":false},"author":1,"featured_media":0,"parent":28,"menu_order":4,"comment_status":"closed","ping_status":"closed","template":"templates\/template-full-width.php","meta":{"footnotes":""},"class_list":["post-61","page","type-page","status-publish","hentry"],"_links":{"self":[{"href":"https:\/\/lagazettedelutece.com\/index.php\/wp-json\/wp\/v2\/pages\/61","targetHints":{"allow":["GET"]}}],"collection":[{"href":"https:\/\/lagazettedelutece.com\/index.php\/wp-json\/wp\/v2\/pages"}],"about":[{"href":"https:\/\/lagazettedelutece.com\/index.php\/wp-json\/wp\/v2\/types\/page"}],"author":[{"embeddable":true,"href":"https:\/\/lagazettedelutece.com\/index.php\/wp-json\/wp\/v2\/users\/1"}],"replies":[{"embeddable":true,"href":"https:\/\/lagazettedelutece.com\/index.php\/wp-json\/wp\/v2\/comments?post=61"}],"version-history":[{"count":54,"href":"https:\/\/lagazettedelutece.com\/index.php\/wp-json\/wp\/v2\/pages\/61\/revisions"}],"predecessor-version":[{"id":1037,"href":"https:\/\/lagazettedelutece.com\/index.php\/wp-json\/wp\/v2\/pages\/61\/revisions\/1037"}],"up":[{"embeddable":true,"href":"https:\/\/lagazettedelutece.com\/index.php\/wp-json\/wp\/v2\/pages\/28"}],"wp:attachment":[{"href":"https:\/\/lagazettedelutece.com\/index.php\/wp-json\/wp\/v2\/media?parent=61"}],"curies":[{"name":"wp","href":"https:\/\/api.w.org\/{rel}","templated":true}]}}