{"id":63,"date":"2026-02-08T22:13:07","date_gmt":"2026-02-08T22:13:07","guid":{"rendered":"https:\/\/lagazettedelutece.com\/?page_id=63"},"modified":"2026-03-08T17:13:28","modified_gmt":"2026-03-08T17:13:28","slug":"la-gazette-gourmet","status":"publish","type":"page","link":"https:\/\/lagazettedelutece.com\/index.php\/la-gazette-de-lutece\/la-gazette\/la-gazette-gourmet\/","title":{"rendered":"La Gazette Gourmet"},"content":{"rendered":"\n<h1 class=\"wp-block-heading alignfull has-text-align-center has-text-color has-link-color wp-elements-80a97cd07dc6bb636060df15c2f335d9\" style=\"color:#8f0030\">La Gazette Gourmet<\/h1>\n\n\n\n<h2 class=\"wp-block-heading alignfull has-text-align-center has-background\" style=\"background-color:#8f00300d;font-size:38px\"><strong>O\u00f9 manger avant ou apr\u00e8s votre exp\u00e9rience immersive ?<\/strong><\/h2>\n\n\n\n<h3 class=\"wp-block-heading has-text-color has-link-color has-large-font-size wp-elements-8a044c1067a649cc57327373798d013c\" style=\"color:#8f0030\"><strong>Une exp\u00e9rience immersive, \u00e7a ouvre l\u2019esprit\u2026 et l\u2019app\u00e9tit.<\/strong><\/h3>\n\n\n\n<p>Que vous vous appr\u00eatiez \u00e0 plonger dans L\u2019Ombre du Temple ou que vous sortiez tout juste de ce jeu de piste haletant, une chose est s\u00fbre : le quartier regorge d\u2019adresses parfaites pour prolonger le plaisir. Car s\u2019il y a bien un endroit \u00e0 Paris o\u00f9 l\u2019on peut m\u00ealer escape game outdoor, histoire, myst\u00e8res et bonne cuisine, c\u2019est Le Marais, et plus pr\u00e9cis\u00e9ment le quartier du Temple.<\/p>\n\n\n\n<p>Avant de partir enqu\u00eater dans les rues ou apr\u00e8s 1h30 d\u2019adr\u00e9naline \u00e0 arpenter Paris autrement, voici nos recommandations gourmandes, test\u00e9es et approuv\u00e9es par les explorateurs urbains les plus exigeants.<\/p>\n\n\n\n<h2 class=\"wp-block-heading has-text-align-center has-text-color has-background has-link-color wp-elements-a28ad5cc878a7212224df1b96494c288\" style=\"color:#8f0030;background-color:#8f00300d;font-size:44px\"><strong>Le <\/strong>March\u00e9 des Enfants Rouges<\/h2>\n\n\n\n<div class=\"wp-block-media-text is-stacked-on-mobile is-vertically-aligned-center is-image-fill-element\" style=\"grid-template-columns:38% auto\"><figure class=\"wp-block-media-text__media\"><img loading=\"lazy\" decoding=\"async\" width=\"1024\" height=\"683\" src=\"https:\/\/lagazettedelutece.com\/wp-content\/uploads\/2026\/02\/Marche_des_Enfants-Rouges_Paris_May_2016-1-1024x683.jpg\" alt=\"La Gazette Gourmet - Le March\u00e9 des enfants rouges - Ou manger dans le Marais - Ou manger avant ou apr\u00e8s votre exp\u00e9rience immersive\" class=\"wp-image-586 size-full\" style=\"object-position:50% 50%\" srcset=\"https:\/\/lagazettedelutece.com\/wp-content\/uploads\/2026\/02\/Marche_des_Enfants-Rouges_Paris_May_2016-1-1024x683.jpg 1024w, https:\/\/lagazettedelutece.com\/wp-content\/uploads\/2026\/02\/Marche_des_Enfants-Rouges_Paris_May_2016-1-300x200.jpg 300w, https:\/\/lagazettedelutece.com\/wp-content\/uploads\/2026\/02\/Marche_des_Enfants-Rouges_Paris_May_2016-1-768x512.jpg 768w, https:\/\/lagazettedelutece.com\/wp-content\/uploads\/2026\/02\/Marche_des_Enfants-Rouges_Paris_May_2016-1-1536x1024.jpg 1536w, https:\/\/lagazettedelutece.com\/wp-content\/uploads\/2026\/02\/Marche_des_Enfants-Rouges_Paris_May_2016-1-2048x1365.jpg 2048w, https:\/\/lagazettedelutece.com\/wp-content\/uploads\/2026\/02\/Marche_des_Enfants-Rouges_Paris_May_2016-1-1200x800.jpg 1200w, https:\/\/lagazettedelutece.com\/wp-content\/uploads\/2026\/02\/Marche_des_Enfants-Rouges_Paris_May_2016-1-1980x1320.jpg 1980w\" sizes=\"auto, (max-width: 1024px) 100vw, 1024px\" \/><\/figure><div class=\"wp-block-media-text__content\">\n<p class=\"has-larger-font-size\"><strong>L\u2019incontournable avant ou apr\u00e8s un jeu de piste immersif<\/strong><\/p>\n\n\n\n<p>Impossible de parler de manger dans le quartier du Temple sans \u00e9voquer le March\u00e9 des Enfants Rouges, le plus ancien march\u00e9 couvert de Paris. C\u2019est un lieu vivant, bruyant, chaleureux, o\u00f9 l\u2019on croise aussi bien des habitu\u00e9s que des curieux fra\u00eechement sortis d\u2019une exp\u00e9rience immersive.<\/p>\n\n\n\n<p>Pour une pause rapide avant votre escape game outdoor, les sandwichs sont une valeur s\u00fbre : g\u00e9n\u00e9reux, efficaces, parfaits pour reprendre des forces sans perdre de temps.<br>Le stand marocain est une institution : couscous parfum\u00e9s, tajines fondants, \u00e9pices qui r\u00e9veillent autant que l\u2019enqu\u00eate qui vous attend.<br>Le stand italien, quant \u00e0 lui, mise sur la simplicit\u00e9 bien faite : p\u00e2tes, focaccias, produits de qualit\u00e9. Id\u00e9al si vous voulez manger vite\u2026 mais bien.<\/p>\n\n\n\n<p class=\"has-normal-font-size\">Un conseil : venez avec un peu d\u2019avance ou juste apr\u00e8s le jeu, quand l\u2019excitation retombe et que la faim se fait sentir.<\/p>\n<\/div><\/div>\n\n\n\n<p class=\"has-secondary-color has-text-color has-link-color wp-elements-47a2291e1db65914ac51fff81d97ac3c\" style=\"font-size:14px\">Cr\u00e9dit photo : pariszigzag.fr<\/p>\n\n\n\n<h2 class=\"wp-block-heading has-text-align-center has-text-color has-background has-link-color wp-elements-7000b6a213d1432a709077928c055230\" style=\"color:#8f0030;background-color:#8f00300d;font-size:44px\"><strong>Le <\/strong>Carreau <\/h2>\n\n\n\n<div class=\"wp-block-media-text has-media-on-the-right is-stacked-on-mobile is-image-fill-element\" style=\"grid-template-columns:auto 38%\"><div class=\"wp-block-media-text__content\">\n<p style=\"font-size:32px\"><strong><strong><strong>La brasserie parisienne comme on l\u2019aime<\/strong><\/strong><\/strong> <\/p>\n\n\n\n<p class=\"has-normal-font-size\">Apr\u00e8s avoir sillonn\u00e9 Le Marais \u00e0 la recherche d\u2019indices, rien de tel qu\u2019une vraie brasserie parisienne. Le Carreau coche toutes les cases : une carte solide, des classiques bien ex\u00e9cut\u00e9s, et une ambiance conviviale qui permet de refaire le match de votre jeu de piste immersif autour d\u2019un verre.<\/p>\n\n\n\n<p class=\"has-normal-font-size\">Ici, on s\u2019installe, on respire, on d\u00e9briefe. Les plats sont g\u00e9n\u00e9reux, la cuisine rassurante, et l\u2019adresse parfaite pour ceux qui veulent prolonger l\u2019exp\u00e9rience sans quitter le quartier. Une transition id\u00e9ale entre fiction et r\u00e9alit\u00e9.<\/p>\n\n\n\n<p class=\"has-normal-font-size\"><a href=\"https:\/\/www.bistrolecarreau.fr\/menu\/\">Voir leur site <\/a><\/p>\n<\/div><figure class=\"wp-block-media-text__media\"><img loading=\"lazy\" decoding=\"async\" width=\"960\" height=\"960\" src=\"http:\/\/lagazettedelutece.com\/wp-content\/uploads\/2026\/02\/photo_huge_lieu_r10130065_1.jpg\" alt=\"La Gazette Gourmet - Le Carreau - Ou manger dans le Marais - Ou manger avant ou apr\u00e8s votre exp\u00e9rience immersive\" class=\"wp-image-1011 size-full\" style=\"object-position:50% 58%\" srcset=\"https:\/\/lagazettedelutece.com\/wp-content\/uploads\/2026\/02\/photo_huge_lieu_r10130065_1.jpg 960w, https:\/\/lagazettedelutece.com\/wp-content\/uploads\/2026\/02\/photo_huge_lieu_r10130065_1-300x300.jpg 300w, https:\/\/lagazettedelutece.com\/wp-content\/uploads\/2026\/02\/photo_huge_lieu_r10130065_1-150x150.jpg 150w, https:\/\/lagazettedelutece.com\/wp-content\/uploads\/2026\/02\/photo_huge_lieu_r10130065_1-768x768.jpg 768w\" sizes=\"auto, (max-width: 960px) 100vw, 960px\" \/><\/figure><\/div>\n\n\n\n<p class=\"has-text-align-right has-secondary-color has-text-color has-link-color wp-elements-645c459da1453cd851e3c24e470eafa4\" style=\"font-size:14px\">Cr\u00e9dit photo : lefigaro.fr<\/p>\n\n\n\n<h2 class=\"wp-block-heading has-text-align-center has-text-color has-background has-link-color wp-elements-c156050be89544921379a889258e6014\" style=\"color:#8f0030;background-color:#8f00300d;font-size:44px\">Envie Le Banquet <\/h2>\n\n\n\n<div class=\"wp-block-media-text is-stacked-on-mobile is-image-fill-element\" style=\"grid-template-columns:38% auto\"><figure class=\"wp-block-media-text__media\"><img loading=\"lazy\" decoding=\"async\" width=\"692\" height=\"1020\" src=\"https:\/\/lagazettedelutece.com\/wp-content\/uploads\/2026\/02\/unnamed-1-1.webp\" alt=\"La Gazette Gourmet - Envie Le Banquet - Ou manger dans le Marais - Ou manger avant ou apr\u00e8s votre exp\u00e9rience immersive\" class=\"wp-image-679 size-full\" style=\"object-position:27% 48%\" srcset=\"https:\/\/lagazettedelutece.com\/wp-content\/uploads\/2026\/02\/unnamed-1-1.webp 692w, https:\/\/lagazettedelutece.com\/wp-content\/uploads\/2026\/02\/unnamed-1-1-204x300.webp 204w\" sizes=\"auto, (max-width: 692px) 100vw, 692px\" \/><\/figure><div class=\"wp-block-media-text__content\">\n<p class=\"has-normal-font-size\"><strong><strong><strong><strong>Quand l\u2019aventure se termine en \u00e9l\u00e9gance<\/strong><\/strong><\/strong><\/strong><\/p>\n\n\n\n<p>Pour ceux qui veulent transformer leur exp\u00e9rience immersive en v\u00e9ritable soir\u00e9e, Envie Le Banquet est une excellente option. Plus chic, plus pos\u00e9, ce lieu s\u2019adresse aux groupes qui souhaitent c\u00e9l\u00e9brer leur aventure autour d\u2019une belle table.<\/p>\n\n\n\n<p class=\"has-normal-font-size\">Les produits sont travaill\u00e9s avec soin, l\u2019ambiance est feutr\u00e9e, et l\u2019adresse se pr\u00eate parfaitement \u00e0 un d\u00eener d\u2019apr\u00e8s escape game outdoor. On y parle strat\u00e9gie, rebondissements, personnages crois\u00e9s dans les rues\u2026 tout en savourant une cuisine raffin\u00e9e. Parce que r\u00e9soudre des myst\u00e8res ouvre parfois l\u2019app\u00e9tit du beau et du bon.<\/p>\n\n\n\n<p class=\"has-normal-font-size\"><a href=\"https:\/\/lebanquet.paris\/fr\/\">Voir leur site <\/a><\/p>\n<\/div><\/div>\n\n\n\n<p class=\"has-secondary-color has-text-color has-link-color wp-elements-4651471bf5894a70a68ad0e5faca3019\" style=\"font-size:14px\">Cr\u00e9dit photo : lebanquet.paris<\/p>\n\n\n\n<h2 class=\"wp-block-heading has-text-align-center has-text-color has-background has-link-color wp-elements-0d9147a8aafb2481d8403ac58c135c7d\" style=\"color:#8f0030;background-color:#8f00300d;font-size:44px\">Chez Alain Miam Miam<\/h2>\n\n\n\n<div class=\"wp-block-media-text has-media-on-the-right is-stacked-on-mobile is-image-fill-element\" style=\"grid-template-columns:auto 38%\"><div class=\"wp-block-media-text__content\">\n<p class=\"has-larger-font-size\"><strong><strong><strong><strong><strong>Le sandwich devenu culte<\/strong><\/strong><\/strong><\/strong><\/strong><\/p>\n\n\n\n<p>Si vous \u00eates du genre \u00e0 pr\u00e9f\u00e9rer manger sur le pouce, Chez Alain Miam Miam est une \u00e9tape presque obligatoire. Ici, le sandwich est \u00e9lev\u00e9 au rang d\u2019art. Produits frais, pain croustillant, garnitures g\u00e9n\u00e9reuses : parfait avant de partir pour une exp\u00e9rience immersive ou juste apr\u00e8s, quand l\u2019adr\u00e9naline n\u2019est pas encore retomb\u00e9e.<\/p>\n\n\n\n<p class=\"has-normal-font-size\">Attention toutefois : l\u2019adresse est connue, et l\u2019attente peut faire partie de l\u2019aventure. Mais apr\u00e8s un jeu de piste immersif dans les rues du Temple, vous aurez de quoi passer le temps en faisant un d\u00e9briefing de votre exp\u00e9rience.<\/p>\n\n\n\n<p class=\"has-normal-font-size\"><a href=\"https:\/\/www.facebook.com\/ChezAlainMiamMiam\">Voir leur site <\/a><\/p>\n<\/div><figure class=\"wp-block-media-text__media\"><img loading=\"lazy\" decoding=\"async\" width=\"708\" height=\"471\" src=\"https:\/\/lagazettedelutece.com\/wp-content\/uploads\/2026\/02\/alain-miam-miam-sandwich-paris-zigzag.png\" alt=\"La Gazette Gourmet - Chez Alain Miam Miam - Ou manger dans le Marais - Ou manger avant ou apr\u00e8s votre exp\u00e9rience immersive\" class=\"wp-image-639 size-full\" style=\"object-position:50% 50%\" srcset=\"https:\/\/lagazettedelutece.com\/wp-content\/uploads\/2026\/02\/alain-miam-miam-sandwich-paris-zigzag.png 708w, https:\/\/lagazettedelutece.com\/wp-content\/uploads\/2026\/02\/alain-miam-miam-sandwich-paris-zigzag-300x200.png 300w\" sizes=\"auto, (max-width: 708px) 100vw, 708px\" \/><\/figure><\/div>\n\n\n\n<p class=\"has-text-align-right has-secondary-color has-text-color has-link-color wp-elements-a0714ed6ff05f064981a6b795cebb884\" style=\"font-size:14px\">Cr\u00e9dit photo : doitinparis.com<\/p>\n\n\n\n<h2 class=\"wp-block-heading has-text-align-center has-text-color has-background has-link-color wp-elements-5e6e8a98557a7e6d22ee67dd7ec22787\" style=\"color:#8f0030;background-color:#8f00300d;font-size:44px\">MONBLEU  Le Comptoir <\/h2>\n\n\n\n<div class=\"wp-block-media-text is-stacked-on-mobile is-image-fill-element\" style=\"grid-template-columns:38% auto\"><figure class=\"wp-block-media-text__media\"><img loading=\"lazy\" decoding=\"async\" width=\"1024\" height=\"682\" src=\"https:\/\/lagazettedelutece.com\/wp-content\/uploads\/2026\/02\/569595-monbleu-le-comptoir-la-nouvelle-cave-a-manger-a-paris-les-photos-1024x682.jpg\" alt=\"La Gazette Gourmet - Monbleu le comptoir - Ou manger dans le Marais - Ou manger avant ou apr\u00e8s votre exp\u00e9rience immersive\" class=\"wp-image-642 size-full\" style=\"object-position:50% 50%\" srcset=\"https:\/\/lagazettedelutece.com\/wp-content\/uploads\/2026\/02\/569595-monbleu-le-comptoir-la-nouvelle-cave-a-manger-a-paris-les-photos-1024x682.jpg 1024w, https:\/\/lagazettedelutece.com\/wp-content\/uploads\/2026\/02\/569595-monbleu-le-comptoir-la-nouvelle-cave-a-manger-a-paris-les-photos-300x200.jpg 300w, https:\/\/lagazettedelutece.com\/wp-content\/uploads\/2026\/02\/569595-monbleu-le-comptoir-la-nouvelle-cave-a-manger-a-paris-les-photos-768x512.jpg 768w, https:\/\/lagazettedelutece.com\/wp-content\/uploads\/2026\/02\/569595-monbleu-le-comptoir-la-nouvelle-cave-a-manger-a-paris-les-photos-1536x1023.jpg 1536w, https:\/\/lagazettedelutece.com\/wp-content\/uploads\/2026\/02\/569595-monbleu-le-comptoir-la-nouvelle-cave-a-manger-a-paris-les-photos-1200x799.jpg 1200w, https:\/\/lagazettedelutece.com\/wp-content\/uploads\/2026\/02\/569595-monbleu-le-comptoir-la-nouvelle-cave-a-manger-a-paris-les-photos.jpg 1800w\" sizes=\"auto, (max-width: 1024px) 100vw, 1024px\" \/><\/figure><div class=\"wp-block-media-text__content\">\n<p class=\"has-larger-font-size\"><strong><strong><strong><strong><strong><strong>Fromages, convivialit\u00e9 et d\u00e9compression<\/strong><\/strong><\/strong><\/strong><\/strong><\/strong><\/p>\n\n\n\n<p>Apr\u00e8s 1h30 \u00e0 arpenter Paris, MONBLEU Le Comptoir est l\u2019endroit r\u00eav\u00e9 pour se poser. Fromages affin\u00e9s, planches \u00e0 partager, vins soigneusement choisis : une adresse id\u00e9ale pour d\u00e9briefer votre escape game outdoor dans une ambiance chaleureuse.<\/p>\n\n\n\n<p class=\"has-normal-font-size\">C\u2019est aussi une excellente option pour les groupes qui veulent prolonger leur exp\u00e9rience immersive autour de quelque chose de simple, authentique et r\u00e9solument fran\u00e7ais. Parce que r\u00e9soudre une enqu\u00eate donne parfois envie\u2026 de fromage.<\/p>\n\n\n\n<p class=\"has-normal-font-size\"><a href=\"https:\/\/www.monbleu.fr\/monbleu-le-comptoir\/\">Voir leur site<\/a><\/p>\n<\/div><\/div>\n\n\n\n<p class=\"has-secondary-color has-text-color has-link-color wp-elements-f99dd43875409e5ed0b098129f623278\" style=\"font-size:14px\">Cr\u00e9dit photo : sortiraparis.com<\/p>\n\n\n\n<h2 class=\"wp-block-heading has-text-align-center has-text-color has-background has-link-color wp-elements-f2e1348fa948890c201347df3b90ffd9\" style=\"color:#8f0030;background-color:#8f00300d;font-size:44px\">Croco Le Marais <\/h2>\n\n\n\n<div class=\"wp-block-media-text has-media-on-the-right is-stacked-on-mobile is-image-fill-element\" style=\"grid-template-columns:auto 38%\"><div class=\"wp-block-media-text__content\">\n<p class=\"has-larger-font-size\"><strong><strong><strong><strong><strong><strong>Pause Sauvage au C\u0153ur du Marais<\/strong><\/strong><\/strong><\/strong><\/strong><\/strong><\/p>\n\n\n\n<p>Apr\u00e8s 1h30 d\u2019aventure \u00e0 travers Paris, Croco du Marais vous accueille pour un moment de d\u00e9tente bien m\u00e9rit\u00e9. Dans une ambiance vivante et chaleureuse, on s\u2019y retrouve autour de burgers gourmands, de plats g\u00e9n\u00e9reux et de boissons rafra\u00eechissantes, parfaits pour refaire le fil de l\u2019enqu\u00eate et partager ses th\u00e9ories.<\/p>\n\n\n\n<p>Id\u00e9al pour les \u00e9quipes qui veulent prolonger l\u2019exp\u00e9rience sans quitter le quartier, c\u2019est le lieu parfait pour transformer la fin du jeu en v\u00e9ritable moment de convivialit\u00e9. Parce qu\u2019apr\u00e8s avoir men\u00e9 l\u2019investigation, rien de tel qu\u2019un repas r\u00e9confortant pour c\u00e9l\u00e9brer la victoire\u2026 ou analyser ses erreurs.<\/p>\n\n\n\n<p class=\"has-normal-font-size\"><a href=\"https:\/\/www.tripadvisor.fr\/Restaurant_Review-g187147-d13197050-Reviews-Croco_du_Marais-Paris_Ile_de_France.html\">Voir leur site<\/a><\/p>\n<\/div><figure class=\"wp-block-media-text__media\"><img loading=\"lazy\" decoding=\"async\" width=\"1024\" height=\"399\" src=\"https:\/\/lagazettedelutece.com\/wp-content\/uploads\/2026\/02\/unnamed-1024x399.webp\" alt=\"La Gazette Gourmet - Croco le marais - Ou manger dans le Marais - Ou manger avant ou apr\u00e8s votre exp\u00e9rience immersive\" class=\"wp-image-667 size-full\" style=\"object-position:91% 59%\" srcset=\"https:\/\/lagazettedelutece.com\/wp-content\/uploads\/2026\/02\/unnamed-1024x399.webp 1024w, https:\/\/lagazettedelutece.com\/wp-content\/uploads\/2026\/02\/unnamed-300x117.webp 300w, https:\/\/lagazettedelutece.com\/wp-content\/uploads\/2026\/02\/unnamed-768x299.webp 768w, https:\/\/lagazettedelutece.com\/wp-content\/uploads\/2026\/02\/unnamed-1200x468.webp 1200w, https:\/\/lagazettedelutece.com\/wp-content\/uploads\/2026\/02\/unnamed.webp 1360w\" sizes=\"auto, (max-width: 1024px) 100vw, 1024px\" \/><\/figure><\/div>\n\n\n\n<p class=\"has-text-align-right has-secondary-color has-text-color has-link-color wp-elements-1e78a6436cd3ed0fe9726f0df22f8d23\" style=\"font-size:14px\">Cr\u00e9dit photo : privateaser.com<\/p>\n\n\n\n<p><\/p>\n","protected":false},"excerpt":{"rendered":"<p>La Gazette Gourmet O\u00f9 manger avant ou apr\u00e8s votre exp\u00e9rience immersive ? Une exp\u00e9rience immersive, \u00e7a ouvre l\u2019esprit\u2026 et l\u2019app\u00e9tit. Que vous vous appr\u00eatiez \u00e0 plonger dans L\u2019Ombre du Temple ou que vous sortiez tout juste de ce jeu de piste haletant, une chose est s\u00fbre : le quartier regorge d\u2019adresses parfaites pour prolonger le [&hellip;]<\/p>\n","protected":false},"author":1,"featured_media":0,"parent":61,"menu_order":3,"comment_status":"closed","ping_status":"closed","template":"templates\/template-full-width.php","meta":{"footnotes":""},"class_list":["post-63","page","type-page","status-publish","hentry"],"_links":{"self":[{"href":"https:\/\/lagazettedelutece.com\/index.php\/wp-json\/wp\/v2\/pages\/63","targetHints":{"allow":["GET"]}}],"collection":[{"href":"https:\/\/lagazettedelutece.com\/index.php\/wp-json\/wp\/v2\/pages"}],"about":[{"href":"https:\/\/lagazettedelutece.com\/index.php\/wp-json\/wp\/v2\/types\/page"}],"author":[{"embeddable":true,"href":"https:\/\/lagazettedelutece.com\/index.php\/wp-json\/wp\/v2\/users\/1"}],"replies":[{"embeddable":true,"href":"https:\/\/lagazettedelutece.com\/index.php\/wp-json\/wp\/v2\/comments?post=63"}],"version-history":[{"count":88,"href":"https:\/\/lagazettedelutece.com\/index.php\/wp-json\/wp\/v2\/pages\/63\/revisions"}],"predecessor-version":[{"id":1192,"href":"https:\/\/lagazettedelutece.com\/index.php\/wp-json\/wp\/v2\/pages\/63\/revisions\/1192"}],"up":[{"embeddable":true,"href":"https:\/\/lagazettedelutece.com\/index.php\/wp-json\/wp\/v2\/pages\/61"}],"wp:attachment":[{"href":"https:\/\/lagazettedelutece.com\/index.php\/wp-json\/wp\/v2\/media?parent=63"}],"curies":[{"name":"wp","href":"https:\/\/api.w.org\/{rel}","templated":true}]}}