{"id":65,"date":"2026-02-08T22:13:46","date_gmt":"2026-02-08T22:13:46","guid":{"rendered":"https:\/\/lagazettedelutece.com\/?page_id=65"},"modified":"2026-02-14T21:36:31","modified_gmt":"2026-02-14T21:36:31","slug":"mention-legales","status":"publish","type":"page","link":"https:\/\/lagazettedelutece.com\/index.php\/mention-legales\/","title":{"rendered":"Mention l\u00e9gales"},"content":{"rendered":"\n<p><\/p>\n\n\n\n<h1 class=\"wp-block-heading has-text-align-center has-text-color has-link-color has-larger-font-size wp-elements-9988a0fd35f5429f9612e50975f205bd\" style=\"color:#8f0030\">MENTIONS L\u00c9GALES<\/h1>\n\n\n\n<p class=\"has-background-background-color has-background\"><strong>\u00c9DITEUR<\/strong><\/p>\n\n\n\n<p class=\"has-small-font-size\">Le pr\u00e9sent site est la propri\u00e9t\u00e9 de la soci\u00e9t\u00e9 GMCR.ESCAPE, SAS au capital de 1.000\u20ac immatricul\u00e9e sous le num\u00e9ro 999 977 184 au RCS de PARIS, dont le si\u00e8ge social est situ\u00e9 au 25 rue de la Folie M\u00e9ricourt, 75011 Paris. SIRET : 999 977 184 00012 | NAF : 90.01Z | T\u00e9l&nbsp;: 01 84 16 02 63 | Email&nbsp;: contact@lagazettedelutece.com | www.lagazettedelutece.com<\/p>\n\n\n\n<p class=\"has-background-background-color has-background\"><strong>DIRECTEUR DE LA PUBLICATION<\/strong><\/p>\n\n\n\n<p class=\"has-small-font-size\">Meyline COLLANGE&#8211;RUELLAN<\/p>\n\n\n\n<p class=\"has-background-background-color has-background\"><strong>H\u00c9BERGEMENT<\/strong><\/p>\n\n\n\n<p class=\"has-small-font-size\"><strong>OVH <\/strong>SAS au capital de 50 000 000 \u20ac<\/p>\n\n\n\n<p class=\"has-small-font-size\">RCS Lille M\u00e9tropole 424 761 419 00045<br>Code APE 2620Z<br>N\u00b0 TVA : FR 22 424 761 419<br>Si\u00e8ge social : 2 rue Kellermann &#8211; 59100 Roubaix &#8211; France<\/p>\n\n\n\n<p class=\"has-small-font-size\">OVH SAS est une filiale de la soci\u00e9t\u00e9 OVH Groupe SA, soci\u00e9t\u00e9 immatricul\u00e9e au RCS de Lille sous le num\u00e9ro 537 407 926 sise 2, rue Kellermann, 59100 Roubaix.<\/p>\n\n\n\n<p class=\"has-background-background-color has-background\">Propri\u00e9t\u00e9 intellectuelle<\/p>\n\n\n\n<p class=\"has-small-font-size\">Le site Internet https:\/\/lagazettedelutece.fr\/ et chacun des \u00e9l\u00e9ments qui le composent, notamment mais non limitativement, les textes, images, vid\u00e9os, photographies, illustrations sont, sauf mentions particuli\u00e8res, la propri\u00e9t\u00e9 exclusive de la soci\u00e9t\u00e9 GMCR.ESCAPE et ne peuvent donc en cons\u00e9quence \u00eatre reproduit et utilis\u00e9 sans autorisation \u00e9crite. Toute reproduction ou repr\u00e9sentation totale ou partielle de ce site par quelque proc\u00e9d\u00e9 que ce soit, sans l&rsquo;autorisation expresse de GMCR.ESCAPE est interdite et constituerait une contrefa\u00e7on sanctionn\u00e9e par les articles L 335-2 et suivants du Code de la propri\u00e9t\u00e9 intellectuelle.<\/p>\n\n\n\n<p class=\"has-background-background-color has-background\">Cookies<\/p>\n\n\n\n<p class=\"has-small-font-size\">L&rsquo;utilisateur est inform\u00e9 que lors de ses visites sur le site, un cookie peut s&rsquo;installer automatiquement sur son logiciel de navigation. Un cookie est un \u00e9l\u00e9ment qui ne permet pas d&rsquo;identifier l&rsquo;utilisateur mais sert \u00e0 enregistrer des informations relatives \u00e0 la navigation de celui-ci sur le site Internet. Le param\u00e9trage de votre logiciel de navigation permet d&rsquo;informer de la pr\u00e9sence de cookies et \u00e9ventuellement de la refuser selon la proc\u00e9dure d\u00e9crite \u00e0 l&rsquo;adresse suivante : www.cnil.fr .<\/p>\n\n\n\n<p class=\"has-small-font-size\">Ce site utilise Google Analytics, un service d&rsquo;analyse de site Internet fourni par Google Inc. (\u00ab Google \u00bb). Google Analytics utilise des cookies, qui sont des fichiers texte plac\u00e9s sur votre ordinateur, pour aider le site internet \u00e0 analyser l&rsquo;utilisation du site par ses utilisateurs. Les donn\u00e9es g\u00e9n\u00e9r\u00e9es par les cookies concernant votre utilisation du site (y compris votre adresse IP) seront transmises et stock\u00e9es par Google sur des serveurs situ\u00e9s aux Etats-Unis. Google utilisera cette information dans le but d&rsquo;\u00e9valuer votre utilisation du site, de compiler des rapports sur l&rsquo;activit\u00e9 du site \u00e0 destination de son \u00e9diteur et de fournir d&rsquo;autres services relatifs \u00e0 l&rsquo;activit\u00e9 du site et \u00e0 l&rsquo;utilisation d&rsquo;Internet. Google est susceptible de communiquer ces donn\u00e9es \u00e0 des tiers en cas d&rsquo;obligation l\u00e9gale ou lorsque ces tiers traitent ces donn\u00e9es pour le compte de Google, y compris notamment l&rsquo;\u00e9diteur de ce site. Google ne recoupera pas votre adresse IP avec toute autre donn\u00e9e d\u00e9tenue par Google. Vous pouvez d\u00e9sactiver l&rsquo;utilisation de cookies en s\u00e9lectionnant les param\u00e8tres appropri\u00e9s de votre navigateur. Cependant, une telle d\u00e9sactivation pourrait emp\u00eacher l&rsquo;utilisation de certaines fonctionnalit\u00e9s de ce site. En utilisant ce site Internet, vous consentez express\u00e9ment au traitement de vos donn\u00e9es nominatives par Google dans les conditions et pour les finalit\u00e9s d\u00e9crites ci-dessus.&nbsp;<\/p>\n\n\n\n<p class=\"has-background-background-color has-background\">Renvois et erreurs <\/p>\n\n\n\n<p class=\"has-small-font-size\">Les utilisateurs visiteurs du site Internet ne peuvent mettre en place un hyperlien en direction de ce site sans l&rsquo;autorisation expresse et pr\u00e9alable de GMCR.ESCAPE. Nous remercions les utilisateurs du site de nous faire part d&rsquo;\u00e9ventuelles omissions, erreurs, corrections, en nous contactant par email \u00e0 l\u2019adresse <a href=\"mailto:contact@lagazettedelutece.com\">contact@lagazettedelutece.com<\/a>.<\/p>\n","protected":false},"excerpt":{"rendered":"<p>MENTIONS L\u00c9GALES \u00c9DITEUR Le pr\u00e9sent site est la propri\u00e9t\u00e9 de la soci\u00e9t\u00e9 GMCR.ESCAPE, SAS au capital de 1.000\u20ac immatricul\u00e9e sous le num\u00e9ro 999 977 184 au RCS de PARIS, dont le si\u00e8ge social est situ\u00e9 au 25 rue de la Folie M\u00e9ricourt, 75011 Paris. SIRET : 999 977 184 00012 | NAF : 90.01Z | [&hellip;]<\/p>\n","protected":false},"author":1,"featured_media":0,"parent":0,"menu_order":0,"comment_status":"closed","ping_status":"closed","template":"templates\/template-full-width.php","meta":{"footnotes":""},"class_list":["post-65","page","type-page","status-publish","hentry"],"_links":{"self":[{"href":"https:\/\/lagazettedelutece.com\/index.php\/wp-json\/wp\/v2\/pages\/65","targetHints":{"allow":["GET"]}}],"collection":[{"href":"https:\/\/lagazettedelutece.com\/index.php\/wp-json\/wp\/v2\/pages"}],"about":[{"href":"https:\/\/lagazettedelutece.com\/index.php\/wp-json\/wp\/v2\/types\/page"}],"author":[{"embeddable":true,"href":"https:\/\/lagazettedelutece.com\/index.php\/wp-json\/wp\/v2\/users\/1"}],"replies":[{"embeddable":true,"href":"https:\/\/lagazettedelutece.com\/index.php\/wp-json\/wp\/v2\/comments?post=65"}],"version-history":[{"count":5,"href":"https:\/\/lagazettedelutece.com\/index.php\/wp-json\/wp\/v2\/pages\/65\/revisions"}],"predecessor-version":[{"id":820,"href":"https:\/\/lagazettedelutece.com\/index.php\/wp-json\/wp\/v2\/pages\/65\/revisions\/820"}],"wp:attachment":[{"href":"https:\/\/lagazettedelutece.com\/index.php\/wp-json\/wp\/v2\/media?parent=65"}],"curies":[{"name":"wp","href":"https:\/\/api.w.org\/{rel}","templated":true}]}}