{"id":71,"date":"2026-02-08T22:17:47","date_gmt":"2026-02-08T22:17:47","guid":{"rendered":"https:\/\/lagazettedelutece.com\/?page_id=71"},"modified":"2026-03-08T17:13:03","modified_gmt":"2026-03-08T17:13:03","slug":"qui-sommes-nous","status":"publish","type":"page","link":"https:\/\/lagazettedelutece.com\/index.php\/la-gazette-de-lutece\/la-gazette\/qui-sommes-nous\/","title":{"rendered":"Qui sommes nous ?"},"content":{"rendered":"\n<figure class=\"wp-block-image alignfull size-large\"><img loading=\"lazy\" decoding=\"async\" width=\"1024\" height=\"271\" src=\"https:\/\/lagazettedelutece.com\/wp-content\/uploads\/2026\/02\/Q1-2-1024x271.jpg\" alt=\"Enqu\u00eate autour des myst\u00e8res non r\u00e9solus de Paris - quartier du Temple - Le Marais Paris\" class=\"wp-image-979\" srcset=\"https:\/\/lagazettedelutece.com\/wp-content\/uploads\/2026\/02\/Q1-2-1024x271.jpg 1024w, https:\/\/lagazettedelutece.com\/wp-content\/uploads\/2026\/02\/Q1-2-300x79.jpg 300w, https:\/\/lagazettedelutece.com\/wp-content\/uploads\/2026\/02\/Q1-2-768x203.jpg 768w, https:\/\/lagazettedelutece.com\/wp-content\/uploads\/2026\/02\/Q1-2-1536x406.jpg 1536w, https:\/\/lagazettedelutece.com\/wp-content\/uploads\/2026\/02\/Q1-2-2048x541.jpg 2048w, https:\/\/lagazettedelutece.com\/wp-content\/uploads\/2026\/02\/Q1-2-1200x317.jpg 1200w, https:\/\/lagazettedelutece.com\/wp-content\/uploads\/2026\/02\/Q1-2-1980x523.jpg 1980w\" sizes=\"auto, (max-width: 1024px) 100vw, 1024px\" \/><\/figure>\n\n\n\n<h1 class=\"wp-block-heading alignfull has-text-align-center has-text-color has-link-color wp-elements-b8bf80de8228362fc4bb011a82b28cb6\" style=\"color:#8f0030\">Qui sommes nous ?<\/h1>\n\n\n\n<h2 class=\"wp-block-heading alignfull has-text-align-center has-text-color has-background has-link-color wp-elements-4797a86d18475d0e8cf35c6ffdeff5cd\" style=\"color:#8f0030;background-color:#8f00300d\">La Gazette de Lut\u00e8ce<\/h2>\n\n\n\n<p>La Gazette de Lut\u00e8ce est un journal ind\u00e9pendant qui \u00e9crit et publie des articles sur les myst\u00e8res de Paris. Elle a pour habitude de travailler avec les m\u00e9thodes du pass\u00e9, loin des \u00e9crans et des nouvelles technologies.<\/p>\n\n\n\n<p>Nous sommes n\u00e9s d\u2019une certitude : Paris ne se r\u00e9sume pas \u00e0 ses monuments et \u00e0 ses cartes postales. Derri\u00e8re les fa\u00e7ades haussmanniennes, dans les impasses oubli\u00e9es et sous les pav\u00e9s charg\u00e9s d\u2019histoire, la ville dissimule des zones d\u2019ombre que peu osent explorer.<\/p>\n\n\n\n<p>Ind\u00e9pendante de tout groupe financier ou politique, La Gazette de Lut\u00e8ce s\u2019est impos\u00e9e comme un m\u00e9dia \u00e0 part, refusant les r\u00e9cits officiels et les explications trop confortables. La Gazette de Lut\u00e8ce s\u2019est donn\u00e9e pour mission d\u2019enqu\u00eater sur les myst\u00e8res urbains, les r\u00e9cits effac\u00e9s et les ph\u00e9nom\u00e8nes inexpliqu\u00e9s qui jalonnent la capitale depuis des si\u00e8cles.<\/p>\n\n\n\n<p class=\"has-text-color has-link-color wp-elements-73f79841a052e3008d7219263e986dd2\" style=\"color:#8f0030\">\u0640\u0640\u0640\u0640\u0640\u0640\u0640\u0640\u0640\u0640\u0640\u0640\u0640\u0640\u0640\u0640\u0640\u0640\u0640\u0640\u0640\u0640\u0640\u0640\u0640\u0640\u0640\u0640\u0640\u0640\u0640\u0640\u0640\u0640\u0640\u0640\u0640\u0640\u0640\u0640\u0640\u0640\u0640\u0640\u0640\u0640\u0640\u0640\u0640\u0640\u0640\u0640\u0640\u0640\u0640\u0640\u0640\u0640\u0640\u0640\u0640\u0640\u0640\u0640\u0640\u0640\u0640\u0640\u0640\u0640\u0640\u0640\u0640\u0640\u0640\u0640\u0640\u0640\u0640\u0640\u0640\u0640\u0640\u0640\u0640\u0640\u0640\u0640\u0640\u0640\u0640\u0640\u0640\u0640\u0640\u0640\u0640\u0640\u0640\u0640\u0640\u0640\u0640\u0640\u0640\u0640\u0640\u0640\u0640\u0640\u0640\u0640\u0640\u0640\u0640\u0640\u0640\u0640\u0640\u0640\u0640\u0640\u0640\u0640\u0640\u0640\u0640\u0640\u0640\u0640\u0640\u0640\u0640\u0640\u0640\u0640\u0640\u0640\u0640\u0640\u0640\u0640\u0640\u0640\u0640\u0640\u0640\u0640\u0640\u0640\u0640\u0640\u0640\u0640\u0640\u0640\u0640\u0640\u0640\u0640\u0640\u0640\u0640\u0640\u0640\u0640\u0640\u0640\u0640\u0640\u0640\u0640\u0640\u0640\u0640\u0640\u0640\u0640\u0640\u0640\u0640\u0640\u0640\u0640\u0640\u0640\u0640\u0640\u0640\u0640\u0640\u0640\u0640\u0640\u0640\u0640\u0640\u0640\u0640\u0640\u0640\u0640\u0640\u0640\u0640\u0640\u0640\u0640\u0640\u0640\u0640\u0640\u0640\u0640\u0640\u0640\u0640\u0640\u0640\u0640\u0640\u0640\u0640\u0640\u0640\u0640\u0640\u0640\u0640\u0640\u0640\u0640\u0640\u0640\u0640\u0640\u0640\u0640\u0640\u0640\u0640\u0640\u0640\u0640\u0640\u0640\u0640\u0640\u0640\u0640\u0640\u0640\u0640\u0640\u0640\u0640\u0640\u0640\u0640\u0640\u0640\u0640\u0640\u0640\u0640\u0640\u0640\u0640\u0640\u0640<\/p>\n\n\n\n<p class=\"has-text-align-center has-text-color has-background has-link-color has-large-font-size wp-elements-9263991ed125fe93422608ac67ccdca7\" style=\"color:#8f0030;background-color:#8f00300d\"><strong>Nos articles ont r\u00e9v\u00e9l\u00e9 des affaires troublantes:<\/strong><\/p>\n\n\n\n<ul class=\"wp-block-list\">\n<li>\u00ab Des mendiants d\u2019hier aux soci\u00e9t\u00e9s secr\u00e8tes d\u2019aujourd\u2019hui : l\u2019h\u00e9ritage trouble de la Cour des Miracles \u00bb ;<\/li>\n\n\n\n<li>\u00ab Rituels modernes dans les galeries anciennes : les catacombes au XXI\u1d49 si\u00e8cle \u00bb ;<\/li>\n\n\n\n<li>\u00ab Sous l\u2019Op\u00e9ra Garnier, une l\u00e9gende qui refuse de mourir \u00bb ;<\/li>\n\n\n\n<li>\u00ab Symboles alchimiques \u00e0 Paris : l\u2019h\u00e9ritage cach\u00e9 de Nicolas Flamel \u00bb ;<\/li>\n\n\n\n<li>\u00ab Entre m\u00e9moire et mal\u00e9diction : enqu\u00eate autour de la plus vieille s\u00e9pulture du P\u00e8re Lachaise \u00bb ;<\/li>\n\n\n\n<li>\u00ab Le roi perdu : indices modernes autour du destin de Louis XVII \u00bb ;<\/li>\n\n\n\n<li>\u00ab Passages submerg\u00e9s : ce que cache encore la Seine \u00bb.<\/li>\n<\/ul>\n\n\n\n<p>Autant d\u2019articles qui ont valu \u00e0 La Gazette de Lut\u00e8ce une r\u00e9putation sulfureuse, mais aussi une communaut\u00e9 fid\u00e8le de lecteurs convaincus que Paris dissimule une histoire parall\u00e8le.<\/p>\n\n\n\n<p>R\u00e9cemment, La Gazette de Lut\u00e8ce a commenc\u00e9 \u00e0 r\u00e9colter des indices sur une organisation secr\u00e8te qui agit dans l\u2019ombre du 3<sup>e<\/sup> arrondissement. Il s\u2019agit d\u2019un groupe de N\u00e9o-Templiers qui se pr\u00e9tendent h\u00e9ritiers du fameux Ordre de moines-chevaliers moyen\u00e2geux.<\/p>\n\n\n\n<p>Des disparitions inqui\u00e9tantes, des jeunes embrigad\u00e9s, des extorsions d\u2019argent, toutes les pistes semblent remonter vers cette soci\u00e9t\u00e9 secr\u00e8te\u2026<\/p>\n\n\n\n<p><\/p>\n\n\n\n<p>Vous avez envie d&rsquo;enqu\u00eater avec La Gazette de Lut\u00e8ce? <\/p>\n\n\n\n<div class=\"wp-block-buttons is-layout-flex wp-block-buttons-is-layout-flex\">\n<div class=\"wp-block-button has-custom-width wp-block-button__width-100 is-style-outline is-style-outline--1\"><a class=\"wp-block-button__link has-background-color has-text-color has-background has-link-color wp-element-button\" style=\"border-top-left-radius:6px;border-top-right-radius:6px;border-bottom-left-radius:6px;border-bottom-right-radius:6px;background-color:#8f0030\">r\u00e9server ici<\/a><\/div>\n<\/div>\n\n\n\n<p><\/p>\n","protected":false},"excerpt":{"rendered":"<p>Qui sommes nous ? La Gazette de Lut\u00e8ce La Gazette de Lut\u00e8ce est un journal ind\u00e9pendant qui \u00e9crit et publie des articles sur les myst\u00e8res de Paris. Elle a pour habitude de travailler avec les m\u00e9thodes du pass\u00e9, loin des \u00e9crans et des nouvelles technologies. Nous sommes n\u00e9s d\u2019une certitude : Paris ne se r\u00e9sume [&hellip;]<\/p>\n","protected":false},"author":1,"featured_media":0,"parent":61,"menu_order":1,"comment_status":"closed","ping_status":"closed","template":"templates\/template-full-width.php","meta":{"footnotes":""},"class_list":["post-71","page","type-page","status-publish","hentry"],"_links":{"self":[{"href":"https:\/\/lagazettedelutece.com\/index.php\/wp-json\/wp\/v2\/pages\/71","targetHints":{"allow":["GET"]}}],"collection":[{"href":"https:\/\/lagazettedelutece.com\/index.php\/wp-json\/wp\/v2\/pages"}],"about":[{"href":"https:\/\/lagazettedelutece.com\/index.php\/wp-json\/wp\/v2\/types\/page"}],"author":[{"embeddable":true,"href":"https:\/\/lagazettedelutece.com\/index.php\/wp-json\/wp\/v2\/users\/1"}],"replies":[{"embeddable":true,"href":"https:\/\/lagazettedelutece.com\/index.php\/wp-json\/wp\/v2\/comments?post=71"}],"version-history":[{"count":34,"href":"https:\/\/lagazettedelutece.com\/index.php\/wp-json\/wp\/v2\/pages\/71\/revisions"}],"predecessor-version":[{"id":1191,"href":"https:\/\/lagazettedelutece.com\/index.php\/wp-json\/wp\/v2\/pages\/71\/revisions\/1191"}],"up":[{"embeddable":true,"href":"https:\/\/lagazettedelutece.com\/index.php\/wp-json\/wp\/v2\/pages\/61"}],"wp:attachment":[{"href":"https:\/\/lagazettedelutece.com\/index.php\/wp-json\/wp\/v2\/media?parent=71"}],"curies":[{"name":"wp","href":"https:\/\/api.w.org\/{rel}","templated":true}]}}